{"id":1468,"date":"2022-01-20T18:51:43","date_gmt":"2022-01-20T18:51:43","guid":{"rendered":"https:\/\/etervalencia.com\/?page_id=1468"},"modified":"2024-08-27T08:28:48","modified_gmt":"2024-08-27T08:28:48","slug":"menu-of-the-day","status":"publish","type":"page","link":"https:\/\/etervalencia.com\/en\/menu-del-dia\/","title":{"rendered":"Menu of the day (Aragon)"},"content":{"rendered":"<div data-elementor-type=\"wp-page\" data-elementor-id=\"1468\" class=\"elementor elementor-1468\" data-elementor-post-type=\"page\">\n\t\t\t\t\t\t<section class=\"elementor-section elementor-top-section elementor-element elementor-element-dfc51ca elementor-section-boxed elementor-section-height-default elementor-section-height-default\" data-id=\"dfc51ca\" data-element_type=\"section\" data-e-type=\"section\">\n\t\t\t\t\t\t<div class=\"elementor-container elementor-column-gap-default\">\n\t\t\t\t\t<div class=\"elementor-column elementor-col-100 elementor-top-column elementor-element elementor-element-52cd8ae\" data-id=\"52cd8ae\" data-element_type=\"column\" data-e-type=\"column\">\n\t\t\t<div class=\"elementor-widget-wrap elementor-element-populated\">\n\t\t\t\t\t\t<div class=\"elementor-element elementor-element-b21b073 elementor-widget elementor-widget-heading\" data-id=\"b21b073\" data-element_type=\"widget\" data-e-type=\"widget\" data-widget_type=\"heading.default\">\n\t\t\t\t<div class=\"elementor-widget-container\">\n\t\t\t\t\t<h2 class=\"elementor-heading-title elementor-size-default\">menu<\/h2>\t\t\t\t<\/div>\n\t\t\t\t<\/div>\n\t\t\t\t<div class=\"elementor-element elementor-element-2fb08f1 elementor-widget elementor-widget-heading\" data-id=\"2fb08f1\" data-element_type=\"widget\" data-e-type=\"widget\" data-widget_type=\"heading.default\">\n\t\t\t\t<div class=\"elementor-widget-container\">\n\t\t\t\t\t<h2 class=\"elementor-heading-title elementor-size-default\"> menu of the day<\/h2>\t\t\t\t<\/div>\n\t\t\t\t<\/div>\n\t\t\t\t<div class=\"elementor-element elementor-element-0476fae elementor-widget elementor-widget-text-editor\" data-id=\"0476fae\" data-element_type=\"widget\" data-e-type=\"widget\" data-widget_type=\"text-editor.default\">\n\t\t\t\t<div class=\"elementor-widget-container\">\n\t\t\t\t\t\t\t\t\t<p style=\"text-align: center;\">- Monday to Friday (except public holidays)<\/p>\t\t\t\t\t\t\t\t<\/div>\n\t\t\t\t<\/div>\n\t\t\t\t<div class=\"elementor-element elementor-element-e488830 elementor-widget-divider--separator-type-pattern elementor-widget-divider--view-line elementor-widget elementor-widget-divider\" data-id=\"e488830\" data-element_type=\"widget\" data-e-type=\"widget\" data-widget_type=\"divider.default\">\n\t\t\t\t<div class=\"elementor-widget-container\">\n\t\t\t\t\t\t\t<div class=\"elementor-divider\" style=\"--divider-pattern-url: url(&quot;data:image\/svg+xml,%3Csvg xmlns=&#039;http:\/\/www.w3.org\/2000\/svg&#039; preserveAspectRatio=&#039;none&#039; overflow=&#039;visible&#039; height=&#039;100%&#039; viewBox=&#039;0 0 20 16&#039; fill=&#039;none&#039; stroke=&#039;black&#039; stroke-width=&#039;1&#039; stroke-linecap=&#039;square&#039; stroke-miterlimit=&#039;10&#039;%3E%3Cg transform=&#039;translate(-12.000000, 0)&#039;%3E%3Cpath d=&#039;M28,0L10,18&#039;\/%3E%3Cpath d=&#039;M18,0L0,18&#039;\/%3E%3Cpath d=&#039;M48,0L30,18&#039;\/%3E%3Cpath d=&#039;M38,0L20,18&#039;\/%3E%3C\/g%3E%3C\/svg%3E&quot;);\">\n\t\t\t<span class=\"elementor-divider-separator\">\n\t\t\t\t\t\t<\/span>\n\t\t<\/div>\n\t\t\t\t\t\t<\/div>\n\t\t\t\t<\/div>\n\t\t\t\t<div class=\"elementor-element elementor-element-24df512 elementor-widget elementor-widget-heading\" data-id=\"24df512\" data-element_type=\"widget\" data-e-type=\"widget\" data-widget_type=\"heading.default\">\n\t\t\t\t<div class=\"elementor-widget-container\">\n\t\t\t\t\t<h2 class=\"elementor-heading-title elementor-size-default\">Starters<\/h2>\t\t\t\t<\/div>\n\t\t\t\t<\/div>\n\t\t\t\t<div class=\"elementor-element elementor-element-9582cfe elementor-widget elementor-widget-text-editor\" data-id=\"9582cfe\" data-element_type=\"widget\" data-e-type=\"widget\" data-widget_type=\"text-editor.default\">\n\t\t\t\t<div class=\"elementor-widget-container\">\n\t\t\t\t\t\t\t\t\t<p>* To choose<\/p>\t\t\t\t\t\t\t\t<\/div>\n\t\t\t\t<\/div>\n\t\t\t\t<div class=\"elementor-element elementor-element-0c50fb2 elementor-widget elementor-widget-text-editor\" data-id=\"0c50fb2\" data-element_type=\"widget\" data-e-type=\"widget\" data-widget_type=\"text-editor.default\">\n\t\t\t\t<div class=\"elementor-widget-container\">\n\t\t\t\t\t\t\t\t\t<p>- Ether Salad<br \/>- Salmorejo with grated egg<br \/>- Tomato salad with tuna belly<br \/>- Seafood pasta<br \/>- Burrata salad with baked aubergine and tomato (+1\u20ac)<br \/>- Steak tartar on farton (+3\u20ac)<\/p>\t\t\t\t\t\t\t\t<\/div>\n\t\t\t\t<\/div>\n\t\t\t\t<div class=\"elementor-element elementor-element-132385a elementor-widget elementor-widget-heading\" data-id=\"132385a\" data-element_type=\"widget\" data-e-type=\"widget\" data-widget_type=\"heading.default\">\n\t\t\t\t<div class=\"elementor-widget-container\">\n\t\t\t\t\t<h2 class=\"elementor-heading-title elementor-size-default\">Main Courses<\/h2>\t\t\t\t<\/div>\n\t\t\t\t<\/div>\n\t\t\t\t<div class=\"elementor-element elementor-element-b618cc5 elementor-widget elementor-widget-text-editor\" data-id=\"b618cc5\" data-element_type=\"widget\" data-e-type=\"widget\" data-widget_type=\"text-editor.default\">\n\t\t\t\t<div class=\"elementor-widget-container\">\n\t\t\t\t\t\t\t\t\t<p>* To choose<\/p>\t\t\t\t\t\t\t\t<\/div>\n\t\t\t\t<\/div>\n\t\t\t\t<div class=\"elementor-element elementor-element-6e197c8 elementor-widget elementor-widget-text-editor\" data-id=\"6e197c8\" data-element_type=\"widget\" data-e-type=\"widget\" data-widget_type=\"text-editor.default\">\n\t\t\t\t<div class=\"elementor-widget-container\">\n\t\t\t\t\t\t\t\t\t<p>- Corn toast with octopus salpicon<br \/>- Sweet and sour secret with couscous<br \/>- Rice with vegetables and secret<br \/>- Pulled pork minibrioche (+1\u20ac)<br \/>- Grilled gilthead bream with baked baked potato (+3\u20ac)<br \/>- Iberian fan with vegetables (+4\u20ac)<\/p>\t\t\t\t\t\t\t\t<\/div>\n\t\t\t\t<\/div>\n\t\t\t\t<div class=\"elementor-element elementor-element-2f834c9 elementor-widget elementor-widget-heading\" data-id=\"2f834c9\" data-element_type=\"widget\" data-e-type=\"widget\" data-widget_type=\"heading.default\">\n\t\t\t\t<div class=\"elementor-widget-container\">\n\t\t\t\t\t<h2 class=\"elementor-heading-title elementor-size-default\">Bread, dessert or Coffee<\/h2>\t\t\t\t<\/div>\n\t\t\t\t<\/div>\n\t\t\t\t<div class=\"elementor-element elementor-element-3233669 elementor-widget elementor-widget-heading\" data-id=\"3233669\" data-element_type=\"widget\" data-e-type=\"widget\" data-widget_type=\"heading.default\">\n\t\t\t\t<div class=\"elementor-widget-container\">\n\t\t\t\t\t<h2 class=\"elementor-heading-title elementor-size-default\">14\u20ac<\/h2>\t\t\t\t<\/div>\n\t\t\t\t<\/div>\n\t\t\t\t<div class=\"elementor-element elementor-element-6ee0c84 elementor-widget elementor-widget-text-editor\" data-id=\"6ee0c84\" data-element_type=\"widget\" data-e-type=\"widget\" data-widget_type=\"text-editor.default\">\n\t\t\t\t<div class=\"elementor-widget-container\">\n\t\t\t\t\t\t\t\t\t<p>*Drink not included<\/p>\t\t\t\t\t\t\t\t<\/div>\n\t\t\t\t<\/div>\n\t\t\t\t<div class=\"elementor-element elementor-element-4909acd elementor-widget-divider--view-line elementor-widget elementor-widget-divider\" data-id=\"4909acd\" data-element_type=\"widget\" data-e-type=\"widget\" data-widget_type=\"divider.default\">\n\t\t\t\t<div class=\"elementor-widget-container\">\n\t\t\t\t\t\t\t<div class=\"elementor-divider\">\n\t\t\t<span class=\"elementor-divider-separator\">\n\t\t\t\t\t\t<\/span>\n\t\t<\/div>\n\t\t\t\t\t\t<\/div>\n\t\t\t\t<\/div>\n\t\t\t\t<div class=\"elementor-element elementor-element-7078950 elementor-align-center animated-slow elementor-invisible elementor-widget elementor-widget-button\" data-id=\"7078950\" data-element_type=\"widget\" data-e-type=\"widget\" data-settings=\"{&quot;_animation&quot;:&quot;fadeInUp&quot;}\" data-widget_type=\"button.default\">\n\t\t\t\t<div class=\"elementor-widget-container\">\n\t\t\t\t\t\t\t\t\t<div class=\"elementor-button-wrapper\">\n\t\t\t\t\t<a class=\"elementor-button elementor-button-link elementor-size-sm elementor-animation-grow\" href=\"https:\/\/etervalencia.com\/en\/our-proposals\/\">\n\t\t\t\t\t\t<span class=\"elementor-button-content-wrapper\">\n\t\t\t\t\t\t\t\t\t<span class=\"elementor-button-text\">Back<\/span>\n\t\t\t\t\t<\/span>\n\t\t\t\t\t<\/a>\n\t\t\t\t<\/div>\n\t\t\t\t\t\t\t\t<\/div>\n\t\t\t\t<\/div>\n\t\t\t\t\t<\/div>\n\t\t<\/div>\n\t\t\t\t\t<\/div>\n\t\t<\/section>\n\t\t<div class=\"elementor-element elementor-element-d9d11b2 e-flex e-con-boxed e-con e-parent\" data-id=\"d9d11b2\" data-element_type=\"container\" data-e-type=\"container\" data-settings=\"{&quot;background_background&quot;:&quot;classic&quot;}\">\n\t\t\t\t\t<div class=\"e-con-inner\">\n\t\t<div class=\"elementor-element elementor-element-b255114 e-con-full e-flex e-con e-child\" data-id=\"b255114\" data-element_type=\"container\" data-e-type=\"container\">\n\t\t\t\t<div class=\"elementor-element elementor-element-defe7a7 elementor-widget elementor-widget-n-accordion\" data-id=\"defe7a7\" data-element_type=\"widget\" data-e-type=\"widget\" data-settings=\"{&quot;default_state&quot;:&quot;all_collapsed&quot;,&quot;max_items_expended&quot;:&quot;one&quot;,&quot;n_accordion_animation_duration&quot;:{&quot;unit&quot;:&quot;ms&quot;,&quot;size&quot;:400,&quot;sizes&quot;:[]}}\" data-widget_type=\"nested-accordion.default\">\n\t\t\t\t<div class=\"elementor-widget-container\">\n\t\t\t\t\t\t\t<div class=\"e-n-accordion\" aria-label=\"Accordion. Open links with Enter or Space, close with Escape, and navigate with Arrow Keys\">\n\t\t\t\t\t\t<details id=\"e-n-accordion-item-2330\" class=\"e-n-accordion-item\" >\n\t\t\t\t<summary class=\"e-n-accordion-item-title\" data-accordion-index=\"1\" tabindex=\"0\" aria-expanded=\"false\" aria-controls=\"e-n-accordion-item-2330\" >\n\t\t\t\t\t<span class='e-n-accordion-item-title-header'><div class=\"e-n-accordion-item-title-text\"> menu-of-the-day <\/div><\/span>\n\t\t\t\t\t\t\t<span class='e-n-accordion-item-title-icon'>\n\t\t\t<span class='e-opened' ><svg aria-hidden=\"true\" class=\"e-font-icon-svg e-fas-minus\" viewbox=\"0 0 448 512\" xmlns=\"http:\/\/www.w3.org\/2000\/svg\"><path d=\"M416 208H32c-17.67 0-32 14.33-32 32v32c0 17.67 14.33 32 32 32h384c17.67 0 32-14.33 32-32v-32c0-17.67-14.33-32-32-32z\"><\/path><\/svg><\/span>\n\t\t\t<span class='e-closed'><svg aria-hidden=\"true\" class=\"e-font-icon-svg e-fas-plus\" viewbox=\"0 0 448 512\" xmlns=\"http:\/\/www.w3.org\/2000\/svg\"><path d=\"M416 208H272V64c0-17.67-14.33-32-32-32h-32c-17.67 0-32 14.33-32 32v144H32c-17.67 0-32 14.33-32 32v32c0 17.67 14.33 32 32 32h144v144c0 17.67 14.33 32 32 32h32c17.67 0 32-14.33 32-32V304h144c17.67 0 32-14.33 32-32v-32c0-17.67-14.33-32-32-32z\"><\/path><\/svg><\/span>\n\t\t<\/span>\n\n\t\t\t\t\t\t<\/summary>\n\t\t\t\t<div role=\"region\" aria-labelledby=\"e-n-accordion-item-2330\" class=\"elementor-element elementor-element-2f2e7e8 e-con-full e-flex e-con e-child\" data-id=\"2f2e7e8\" data-element_type=\"container\" data-e-type=\"container\">\n\t\t\t\t<div class=\"elementor-element elementor-element-2cd7dbb elementor-widget elementor-widget-text-editor\" data-id=\"2cd7dbb\" data-element_type=\"widget\" data-e-type=\"widget\" data-widget_type=\"text-editor.default\">\n\t\t\t\t<div class=\"elementor-widget-container\">\n\t\t\t\t\t\t\t\t\t<h2>Quality and Variety in Our Daily Menu<\/h2>\n<p>At the \u00c9ter restaurant in Valencia, we offer a <strong>Valencia menu of the day<\/strong> which stands out for its quality and variety, available from Monday to Friday (except holidays) and weekends. Our menu is designed to satisfy all palates, combining fresh ingredients and innovative culinary techniques, ideal for those looking to <strong>eat in Valencia menu of the day<\/strong>.<\/p>\n\n<h2>Daily Menu Valencia - Gourmet Food at a Great Price<\/h2>\n<p>At Ether, we offer a <strong>daily menu Valencia<\/strong> which stands out for its variety and quality. Our daily menu is designed to satisfy every palate, combining fresh ingredients and innovative culinary techniques.<\/p>\n\n<h3>Midweek - 14\u20ac.<\/h3>\n<p>From Monday to Friday, for only 14\u20ac, our menu of the day includes a starter, main course, bread, dessert or coffee (drink not included). You can start with options such as:<\/p>\n<ul>\n  <li>Lettuce, tomato, apple and fried chicken salad with sweet and sour sauce<\/li>\n  <li>Vichissoise with toast<\/li>\n  <li>Pasta carbonara with bacon<\/li>\n  <li>Bravas Ether<\/li>\n  <li>Salad \u00c9ter<\/li>\n  <li>Artichoke blossom with pulled pork and romescu sauce<\/li>\n<\/ul>\n<p>For the second course, choose between:<\/p>\n<ul>\n  <li>Marinated chicken with sweet and sour rice<\/li>\n  <li>Tuna rice cake<\/li>\n  <li>Scrambled eggs with chorizo<\/li>\n  <li>Low-temperature hake with piperrada<\/li>\n  <li>Pork ribs with rice<\/li>\n  <li>Octopus with vegetables<\/li>\n<\/ul>\n\n<h3>Weekends - 16,90\u20ac - 16,90\u20ac.<\/h3>\n<p>During the weekend, for \u20ac16.90, the set menu offers the same choices of first and second courses, maintaining the quality and variety that ensure an exceptional dining experience.<\/p>\n\n<h2>Restaurante \u00c9ter - The Best Option for a Daily Menu in Valencia<\/h2>\n<p>Ether has consolidated its position as one of the best <strong>restaurants in Valencia with set menus<\/strong>. Our daily menu is not only delicious, but also affordable, allowing our guests to enjoy a gourmet meal without spending too much. Each dish is carefully prepared by our expert chefs, using fresh, seasonal ingredients.<\/p>\n\n<h2>Eating out in Valencia - High Quality Daily Set Menu<\/h2>\n<p>Eating out in Valencia with a set menu has never been as satisfying as it is at Ether. We offer a perfect combination of taste, nutrition and presentation, ensuring that every meal is a memorable experience. Our commitment to quality and fresh ingredients is reflected in every dish we serve.<\/p>\n\n<h2>Book at Ether - Your Best Culinary Experience<\/h2>\n<p>Come to Ether and find out why we are one of the <strong>restaurants in Valencia with the best menu of the day<\/strong>. Whether you're looking for a place for a quick lunch during the week or a relaxed weekend meal, our daily Valencia menu is the perfect choice. Book your table today and enjoy an exceptional dining experience in the heart of Valencia.<\/p>\t\t\t\t\t\t\t\t<\/div>\n\t\t\t\t<\/div>\n\t\t\t\t<\/div>\n\t\t\t\t\t<\/details>\n\t\t\t\t\t<\/div>\n\t\t\t\t\t\t<\/div>\n\t\t\t\t<\/div>\n\t\t\t\t<\/div>\n\t\t\t\t\t<\/div>\n\t\t\t\t<\/div>\n\t\t\t\t<\/div>","protected":false},"excerpt":{"rendered":"<p>men\u00fa men\u00fa del d\u00eda &#8211; De lunes a viernes (excepto festivos) Entrante *A elegir &#8211; Ensaladilla Eter&#8211; Salmorejo con huevo rallado&#8211; Ensalada de tomate con ventresca&#8211; Pasta marinera&#8211; Ensalada de burrata con berenjena y tomate al horno (+1\u20ac)&#8211; Steak tartar sobre farton (+3\u20ac) Principal *A elegir &#8211; Tosta de maiz de salpicon de pulpo&#8211; Secreto [&hellip;]<\/p>\n","protected":false},"author":1,"featured_media":0,"parent":0,"menu_order":0,"comment_status":"closed","ping_status":"closed","template":"elementor_header_footer","meta":{"_eb_attr":"","footnotes":""},"class_list":["post-1468","page","type-page","status-publish","hentry"],"_links":{"self":[{"href":"https:\/\/etervalencia.com\/en\/wp-json\/wp\/v2\/pages\/1468","targetHints":{"allow":["GET"]}}],"collection":[{"href":"https:\/\/etervalencia.com\/en\/wp-json\/wp\/v2\/pages"}],"about":[{"href":"https:\/\/etervalencia.com\/en\/wp-json\/wp\/v2\/types\/page"}],"author":[{"embeddable":true,"href":"https:\/\/etervalencia.com\/en\/wp-json\/wp\/v2\/users\/1"}],"replies":[{"embeddable":true,"href":"https:\/\/etervalencia.com\/en\/wp-json\/wp\/v2\/comments?post=1468"}],"version-history":[{"count":306,"href":"https:\/\/etervalencia.com\/en\/wp-json\/wp\/v2\/pages\/1468\/revisions"}],"predecessor-version":[{"id":5936,"href":"https:\/\/etervalencia.com\/en\/wp-json\/wp\/v2\/pages\/1468\/revisions\/5936"}],"wp:attachment":[{"href":"https:\/\/etervalencia.com\/en\/wp-json\/wp\/v2\/media?parent=1468"}],"curies":[{"name":"wp","href":"https:\/\/api.w.org\/{rel}","templated":true}]}}