{"id":2392,"date":"2022-05-18T12:58:33","date_gmt":"2022-05-18T12:58:33","guid":{"rendered":"https:\/\/etervalencia.com\/?page_id=2392"},"modified":"2024-08-27T08:47:01","modified_gmt":"2024-08-27T08:47:01","slug":"tasting-menu","status":"publish","type":"page","link":"https:\/\/etervalencia.com\/en\/menu-degustacion\/","title":{"rendered":"Tasting menus"},"content":{"rendered":"<div data-elementor-type=\"wp-page\" data-elementor-id=\"2392\" class=\"elementor elementor-2392\" data-elementor-post-type=\"page\">\n\t\t\t\t<div class=\"elementor-element elementor-element-195cd07 e-flex e-con-boxed e-con e-parent\" data-id=\"195cd07\" data-element_type=\"container\" data-e-type=\"container\" data-settings=\"{&quot;background_background&quot;:&quot;classic&quot;}\">\n\t\t\t\t\t<div class=\"e-con-inner\">\n\t\t<div class=\"elementor-element elementor-element-3305e3a e-con-full e-flex e-con e-child\" data-id=\"3305e3a\" data-element_type=\"container\" data-e-type=\"container\">\n\t\t\t\t<div class=\"elementor-element elementor-element-cf99bc0 elementor-widget elementor-widget-n-accordion\" data-id=\"cf99bc0\" data-element_type=\"widget\" data-e-type=\"widget\" data-settings=\"{&quot;default_state&quot;:&quot;all_collapsed&quot;,&quot;max_items_expended&quot;:&quot;one&quot;,&quot;n_accordion_animation_duration&quot;:{&quot;unit&quot;:&quot;ms&quot;,&quot;size&quot;:400,&quot;sizes&quot;:[]}}\" data-widget_type=\"nested-accordion.default\">\n\t\t\t\t<div class=\"elementor-widget-container\">\n\t\t\t\t\t\t\t<div class=\"e-n-accordion\" aria-label=\"Accordion. Open links with Enter or Space, close with Escape, and navigate with Arrow Keys\">\n\t\t\t\t\t\t<details id=\"e-n-accordion-item-2170\" class=\"e-n-accordion-item\" >\n\t\t\t\t<summary class=\"e-n-accordion-item-title\" data-accordion-index=\"1\" tabindex=\"0\" aria-expanded=\"false\" aria-controls=\"e-n-accordion-item-2170\" >\n\t\t\t\t\t<span class='e-n-accordion-item-title-header'><div class=\"e-n-accordion-item-title-text\"> Tasting Menu in Valencia - \u00c9ter Restaurante - more info... <\/div><\/span>\n\t\t\t\t\t\t\t<span class='e-n-accordion-item-title-icon'>\n\t\t\t<span class='e-opened' ><svg aria-hidden=\"true\" class=\"e-font-icon-svg e-fas-minus\" viewbox=\"0 0 448 512\" xmlns=\"http:\/\/www.w3.org\/2000\/svg\"><path d=\"M416 208H32c-17.67 0-32 14.33-32 32v32c0 17.67 14.33 32 32 32h384c17.67 0 32-14.33 32-32v-32c0-17.67-14.33-32-32-32z\"><\/path><\/svg><\/span>\n\t\t\t<span class='e-closed'><svg aria-hidden=\"true\" class=\"e-font-icon-svg e-fas-plus\" viewbox=\"0 0 448 512\" xmlns=\"http:\/\/www.w3.org\/2000\/svg\"><path d=\"M416 208H272V64c0-17.67-14.33-32-32-32h-32c-17.67 0-32 14.33-32 32v144H32c-17.67 0-32 14.33-32 32v32c0 17.67 14.33 32 32 32h144v144c0 17.67 14.33 32 32 32h32c17.67 0 32-14.33 32-32V304h144c17.67 0 32-14.33 32-32v-32c0-17.67-14.33-32-32-32z\"><\/path><\/svg><\/span>\n\t\t<\/span>\n\n\t\t\t\t\t\t<\/summary>\n\t\t\t\t<div role=\"region\" aria-labelledby=\"e-n-accordion-item-2170\" class=\"elementor-element elementor-element-69ecdb2 e-con-full e-flex e-con e-child\" data-id=\"69ecdb2\" data-element_type=\"container\" data-e-type=\"container\">\n\t\t\t\t<div class=\"elementor-element elementor-element-a8ce6a1 elementor-widget elementor-widget-text-editor\" data-id=\"a8ce6a1\" data-element_type=\"widget\" data-e-type=\"widget\" data-widget_type=\"text-editor.default\">\n\t\t\t\t<div class=\"elementor-widget-container\">\n\t\t\t\t\t\t\t\t\t<h2>A Unique Gastronomic Experience<\/h2>\n<p>At Ether Restaurant, we are proud to present our offer of <strong>tasting menu in Valencia<\/strong>designed to offer a unique and memorable dining experience. Each <strong>dinner tasting menu Valencia<\/strong> is created to delight our diners with a variety of flavours and textures, combining the best of Mediterranean and Korean cuisine.<\/p>\n\n<h2>Koryo Menu<\/h2>\n<p>The <strong>Koryo Menu<\/strong> starts with an Ether salad, followed by Korean Fried Chicken and mandu with beef and kimchi. For mains, you can choose between kimchi rice with bacon or chicken with homemade bulgogi sauce. This menu includes one drink per person (water, soft drink or house wine) and a basket of bread. It's perfect for those looking for a <strong>tasting menu in Valencia<\/strong> with a Korean twist.<\/p>\n\n<h2>\u00c9ter Menu<\/h2>\n<p>The <strong>\u00c9ter Menu<\/strong> offers a toast of scallops and fried baby squid with lemon, mayonnaise and gochugaru for starters. For mains, you can choose between Valencian bibimbap or Busan secret with couscous. This menu also includes a drink per person and a basket of bread. It is ideal for those looking for the <strong>best tasting menu in Valencia<\/strong> with innovative flavours.<\/p>\n\n<h2>Terreta Menu<\/h2>\n<p>The <strong>Terreta Menu<\/strong> includes carabinero and carillera croquettes, fried artichoke blossom with Korean romesco and mini brioche of oxtail as starters. The main courses are grilled Iberian fan or grilled octopus with kimchi trinxat. It also includes a drink per person and a basket of bread. This menu is perfect to enjoy a <strong>dinner tasting menu Valencia<\/strong> with traditional and contemporary flavours.<\/p>\n\n<h2>A Shared and Delicious Experience<\/h2>\n<p>Each <strong>restaurant tasting menu Valencia<\/strong> at \u00c9ter Restaurant we serve a full table, with a minimum of two people, ensuring a shared and delicious experience. Come and discover why our offer of <strong>tasting menu in Valencia<\/strong> is the perfect choice for lovers of good food and we look forward to providing you with an unrivalled culinary experience!<\/p>\n\t\t\t\t\t\t\t\t<\/div>\n\t\t\t\t<\/div>\n\t\t\t\t<\/div>\n\t\t\t\t\t<\/details>\n\t\t\t\t\t<\/div>\n\t\t\t\t\t\t<\/div>\n\t\t\t\t<\/div>\n\t\t\t\t<\/div>\n\t\t\t\t\t<\/div>\n\t\t\t\t<\/div>\n\t\t\t\t<section class=\"elementor-section elementor-top-section elementor-element elementor-element-dfc51ca elementor-section-boxed elementor-section-height-default elementor-section-height-default\" data-id=\"dfc51ca\" data-element_type=\"section\" data-e-type=\"section\">\n\t\t\t\t\t\t<div class=\"elementor-container elementor-column-gap-default\">\n\t\t\t\t\t<div class=\"elementor-column elementor-col-100 elementor-top-column elementor-element elementor-element-52cd8ae\" data-id=\"52cd8ae\" data-element_type=\"column\" data-e-type=\"column\">\n\t\t\t<div class=\"elementor-widget-wrap elementor-element-populated\">\n\t\t\t\t\t\t<div class=\"elementor-element elementor-element-b21b073 elementor-widget elementor-widget-heading\" data-id=\"b21b073\" data-element_type=\"widget\" data-e-type=\"widget\" data-widget_type=\"heading.default\">\n\t\t\t\t<div class=\"elementor-widget-container\">\n\t\t\t\t\t<h2 class=\"elementor-heading-title elementor-size-default\">Menu<\/h2>\t\t\t\t<\/div>\n\t\t\t\t<\/div>\n\t\t\t\t<div class=\"elementor-element elementor-element-2fb08f1 elementor-widget elementor-widget-heading\" data-id=\"2fb08f1\" data-element_type=\"widget\" data-e-type=\"widget\" data-widget_type=\"heading.default\">\n\t\t\t\t<div class=\"elementor-widget-container\">\n\t\t\t\t\t<h2 class=\"elementor-heading-title elementor-size-default\">Tasting<\/h2>\t\t\t\t<\/div>\n\t\t\t\t<\/div>\n\t\t\t\t<div class=\"elementor-element elementor-element-42fd949 elementor-widget elementor-widget-text-editor\" data-id=\"42fd949\" data-element_type=\"widget\" data-e-type=\"widget\" data-widget_type=\"text-editor.default\">\n\t\t\t\t<div class=\"elementor-widget-container\">\n\t\t\t\t\t\t\t\t\t<p>* Served to a full table<br \/>* Minimum of two people<\/p>\t\t\t\t\t\t\t\t<\/div>\n\t\t\t\t<\/div>\n\t\t\t\t<div class=\"elementor-element elementor-element-a3fbe3e elementor-widget-divider--view-line elementor-widget elementor-widget-divider\" data-id=\"a3fbe3e\" data-element_type=\"widget\" data-e-type=\"widget\" data-widget_type=\"divider.default\">\n\t\t\t\t<div class=\"elementor-widget-container\">\n\t\t\t\t\t\t\t<div class=\"elementor-divider\">\n\t\t\t<span class=\"elementor-divider-separator\">\n\t\t\t\t\t\t<\/span>\n\t\t<\/div>\n\t\t\t\t\t\t<\/div>\n\t\t\t\t<\/div>\n\t\t\t\t<div class=\"elementor-element elementor-element-5585179 elementor-widget elementor-widget-spacer\" data-id=\"5585179\" data-element_type=\"widget\" data-e-type=\"widget\" data-widget_type=\"spacer.default\">\n\t\t\t\t<div class=\"elementor-widget-container\">\n\t\t\t\t\t\t\t<div class=\"elementor-spacer\">\n\t\t\t<div class=\"elementor-spacer-inner\"><\/div>\n\t\t<\/div>\n\t\t\t\t\t\t<\/div>\n\t\t\t\t<\/div>\n\t\t\t\t<div class=\"elementor-element elementor-element-25ff6fb elementor-widget elementor-widget-heading\" data-id=\"25ff6fb\" data-element_type=\"widget\" data-e-type=\"widget\" data-widget_type=\"heading.default\">\n\t\t\t\t<div class=\"elementor-widget-container\">\n\t\t\t\t\t<h2 class=\"elementor-heading-title elementor-size-default\">Koryo Menu<\/h2>\t\t\t\t<\/div>\n\t\t\t\t<\/div>\n\t\t\t\t<div class=\"elementor-element elementor-element-b381ab3 elementor-widget elementor-widget-spacer\" data-id=\"b381ab3\" data-element_type=\"widget\" data-e-type=\"widget\" data-widget_type=\"spacer.default\">\n\t\t\t\t<div class=\"elementor-widget-container\">\n\t\t\t\t\t\t\t<div class=\"elementor-spacer\">\n\t\t\t<div class=\"elementor-spacer-inner\"><\/div>\n\t\t<\/div>\n\t\t\t\t\t\t<\/div>\n\t\t\t\t<\/div>\n\t\t\t\t<div class=\"elementor-element elementor-element-7d7f3f7 elementor-widget elementor-widget-text-editor\" data-id=\"7d7f3f7\" data-element_type=\"widget\" data-e-type=\"widget\" data-widget_type=\"text-editor.default\">\n\t\t\t\t<div class=\"elementor-widget-container\">\n\t\t\t\t\t\t\t\t\t<p><span style=\"color: #ebc881;\"><strong>Starters<\/strong><\/span><\/p><p>\u00c9ter Salad<br \/>-Korean Fried Chicken <span class=\"cqiun4t2 khvhiq1o r5qsrrlp i5tg98hk iqx13udk przvwfww qiohso4h gfz4du6o r7fjleex nz2484kf svot0ezm dcnh1tix sxl192xd t3g6t33p\"><span class=\"\">\ud83c\udf36\ufe0f\ud83c\udf36\ufe0f<\/span><\/span><br \/>- Mand\u00fa with meat and kimchi<\/p><p><span style=\"color: #ebc881;\"><strong><br \/>Main courses to choose<\/strong><\/span><\/p><p>- Kimchi rice with bacon <span class=\"cqiun4t2 khvhiq1o r5qsrrlp i5tg98hk iqx13udk przvwfww qiohso4h gfz4du6o r7fjleex nz2484kf svot0ezm dcnh1tix sxl192xd t3g6t33p\"><span class=\"\">\ud83c\udf36\ufe0f<\/span><\/span><span class=\"cqiun4t2 khvhiq1o r5qsrrlp i5tg98hk iqx13udk przvwfww qiohso4h gfz4du6o r7fjleex nz2484kf svot0ezm dcnh1tix sxl192xd t3g6t33p\"><span class=\"\">\ud83c\udf36\ufe0f<\/span><\/span><span class=\"cqiun4t2 khvhiq1o r5qsrrlp i5tg98hk iqx13udk przvwfww qiohso4h gfz4du6o r7fjleex nz2484kf svot0ezm dcnh1tix sxl192xd t3g6t33p\"><span class=\"\">\ud83c\udf36\ufe0f<\/span><\/span><br \/>- Chicken with homemade bulgogi sauce<\/p><p>Drink: one per person to choose between water, soft drink and house wine.<br \/><br \/><\/p><p><em>Includes bread basket<\/em><\/p><h4 style=\"text-align: right;\"><strong>32\u20ac<\/strong><\/h4><p style=\"text-align: right;\"><span style=\"color: #ebc881;\"><em>Per person <\/em><\/span><\/p><p style=\"text-align: right;\">\u00a0<\/p>\t\t\t\t\t\t\t\t<\/div>\n\t\t\t\t<\/div>\n\t\t\t\t<div class=\"elementor-element elementor-element-354a138 elementor-widget-divider--view-line elementor-widget elementor-widget-divider\" data-id=\"354a138\" data-element_type=\"widget\" data-e-type=\"widget\" data-widget_type=\"divider.default\">\n\t\t\t\t<div class=\"elementor-widget-container\">\n\t\t\t\t\t\t\t<div class=\"elementor-divider\">\n\t\t\t<span class=\"elementor-divider-separator\">\n\t\t\t\t\t\t<\/span>\n\t\t<\/div>\n\t\t\t\t\t\t<\/div>\n\t\t\t\t<\/div>\n\t\t\t\t<div class=\"elementor-element elementor-element-3a842ca elementor-widget elementor-widget-heading\" data-id=\"3a842ca\" data-element_type=\"widget\" data-e-type=\"widget\" data-widget_type=\"heading.default\">\n\t\t\t\t<div class=\"elementor-widget-container\">\n\t\t\t\t\t<h2 class=\"elementor-heading-title elementor-size-default\">\u00c9ter Menu<\/h2>\t\t\t\t<\/div>\n\t\t\t\t<\/div>\n\t\t\t\t<div class=\"elementor-element elementor-element-8929038 elementor-widget elementor-widget-text-editor\" data-id=\"8929038\" data-element_type=\"widget\" data-e-type=\"widget\" data-widget_type=\"text-editor.default\">\n\t\t\t\t<div class=\"elementor-widget-container\">\n\t\t\t\t\t\t\t\t\t<p><span style=\"color: #ebc881;\"><strong>Starters<\/strong><\/span><\/p><p>- Scallops toast<br \/>- Fried tip, lemon, mayonnaise and gochugaru<\/p><p><span style=\"color: #ebc881;\"><strong>Main courses to choose<\/strong><\/span><\/p><p>- Valencian Bibimbap<br \/>- Secret of Busan with couscous<\/p><p>Drink: one per person to choose between water, soft drink and house wine.<\/p><p><em>Includes bread basket<\/em><\/p><h4 style=\"text-align: right;\"><strong>35\u20ac<\/strong><\/h4><p style=\"text-align: right;\"><span style=\"color: #ebc881;\"><em>Per person <\/em><\/span><\/p><p style=\"text-align: right;\">\u00a0<\/p>\t\t\t\t\t\t\t\t<\/div>\n\t\t\t\t<\/div>\n\t\t\t\t<div class=\"elementor-element elementor-element-4909acd elementor-widget-divider--view-line elementor-widget elementor-widget-divider\" data-id=\"4909acd\" data-element_type=\"widget\" data-e-type=\"widget\" data-widget_type=\"divider.default\">\n\t\t\t\t<div class=\"elementor-widget-container\">\n\t\t\t\t\t\t\t<div class=\"elementor-divider\">\n\t\t\t<span class=\"elementor-divider-separator\">\n\t\t\t\t\t\t<\/span>\n\t\t<\/div>\n\t\t\t\t\t\t<\/div>\n\t\t\t\t<\/div>\n\t\t\t\t<div class=\"elementor-element elementor-element-feeb13d elementor-widget elementor-widget-heading\" data-id=\"feeb13d\" data-element_type=\"widget\" data-e-type=\"widget\" data-widget_type=\"heading.default\">\n\t\t\t\t<div class=\"elementor-widget-container\">\n\t\t\t\t\t<h2 class=\"elementor-heading-title elementor-size-default\">Terreta's menu<\/h2>\t\t\t\t<\/div>\n\t\t\t\t<\/div>\n\t\t\t\t<div class=\"elementor-element elementor-element-409289b elementor-widget elementor-widget-spacer\" data-id=\"409289b\" data-element_type=\"widget\" data-e-type=\"widget\" data-widget_type=\"spacer.default\">\n\t\t\t\t<div class=\"elementor-widget-container\">\n\t\t\t\t\t\t\t<div class=\"elementor-spacer\">\n\t\t\t<div class=\"elementor-spacer-inner\"><\/div>\n\t\t<\/div>\n\t\t\t\t\t\t<\/div>\n\t\t\t\t<\/div>\n\t\t\t\t<div class=\"elementor-element elementor-element-11e5e24 elementor-widget elementor-widget-text-editor\" data-id=\"11e5e24\" data-element_type=\"widget\" data-e-type=\"widget\" data-widget_type=\"text-editor.default\">\n\t\t\t\t<div class=\"elementor-widget-container\">\n\t\t\t\t\t\t\t\t\t<p><span style=\"color: #ebc881;\"><strong>Starters<\/strong><\/span><\/p><p>-Carabinieri and carillera croquettes<br \/>-Fried flowering artichoke with Korean romesco <span class=\"cqiun4t2 khvhiq1o r5qsrrlp i5tg98hk iqx13udk przvwfww qiohso4h gfz4du6o r7fjleex nz2484kf svot0ezm dcnh1tix sxl192xd t3g6t33p\"><span class=\"\">\ud83c\udf36\ufe0f<\/span><\/span><br \/>-Mini oxtail brioche<br \/><br \/><\/p><p><span style=\"color: #ebc881;\"><strong>Main courses to choose<br \/><\/strong><\/span><\/p><p>- Grilled Iberian fan<br \/>- Grilled octopus with kimchi trinxat <span class=\"cqiun4t2 khvhiq1o r5qsrrlp i5tg98hk iqx13udk przvwfww qiohso4h gfz4du6o r7fjleex nz2484kf svot0ezm dcnh1tix sxl192xd t3g6t33p\"><span class=\"\">\ud83c\udf36\ufe0f<br \/><br \/><\/span><\/span><\/p><p><em>Drink: one per person to choose between water, soft drink and house wine.<br \/><br \/><\/em><\/p><p><em>Includes bread basket<\/em><\/p><h4 style=\"text-align: right;\"><strong>38\u20ac<\/strong><\/h4><p style=\"text-align: right;\"><span style=\"color: #ebc881;\"><em>Per person <\/em><\/span><\/p><p style=\"text-align: right;\">\u00a0<\/p>\t\t\t\t\t\t\t\t<\/div>\n\t\t\t\t<\/div>\n\t\t\t\t<div class=\"elementor-element elementor-element-7078950 elementor-align-center animated-slow elementor-invisible elementor-widget elementor-widget-button\" data-id=\"7078950\" data-element_type=\"widget\" data-e-type=\"widget\" data-settings=\"{&quot;_animation&quot;:&quot;fadeInUp&quot;}\" data-widget_type=\"button.default\">\n\t\t\t\t<div class=\"elementor-widget-container\">\n\t\t\t\t\t\t\t\t\t<div class=\"elementor-button-wrapper\">\n\t\t\t\t\t<a class=\"elementor-button elementor-button-link elementor-size-sm elementor-animation-grow\" href=\"https:\/\/etervalencia.com\/en\/our-proposals\/\">\n\t\t\t\t\t\t<span class=\"elementor-button-content-wrapper\">\n\t\t\t\t\t\t\t\t\t<span class=\"elementor-button-text\">Back<\/span>\n\t\t\t\t\t<\/span>\n\t\t\t\t\t<\/a>\n\t\t\t\t<\/div>\n\t\t\t\t\t\t\t\t<\/div>\n\t\t\t\t<\/div>\n\t\t\t\t\t<\/div>\n\t\t<\/div>\n\t\t\t\t\t<\/div>\n\t\t<\/section>\n\t\t\t\t<\/div>","protected":false},"excerpt":{"rendered":"<p>Men\u00fa Degustaci\u00f3n en Valencia &#8211; \u00c9ter Restaurante &#8211; mas info&#8230; Una Experiencia Gastron\u00f3mica \u00danica En \u00c9ter Restaurante, nos enorgullece presentar nuestra oferta de men\u00fa degustaci\u00f3n en Valencia, dise\u00f1ada para ofrecer una experiencia gastron\u00f3mica \u00fanica y memorable. Cada cena men\u00fa degustaci\u00f3n Valencia est\u00e1 creada para deleitar a nuestros comensales con una variedad de sabores y texturas, [&hellip;]<\/p>\n","protected":false},"author":1,"featured_media":0,"parent":0,"menu_order":0,"comment_status":"closed","ping_status":"closed","template":"elementor_header_footer","meta":{"_eb_attr":"","footnotes":""},"class_list":["post-2392","page","type-page","status-publish","hentry"],"_links":{"self":[{"href":"https:\/\/etervalencia.com\/en\/wp-json\/wp\/v2\/pages\/2392","targetHints":{"allow":["GET"]}}],"collection":[{"href":"https:\/\/etervalencia.com\/en\/wp-json\/wp\/v2\/pages"}],"about":[{"href":"https:\/\/etervalencia.com\/en\/wp-json\/wp\/v2\/types\/page"}],"author":[{"embeddable":true,"href":"https:\/\/etervalencia.com\/en\/wp-json\/wp\/v2\/users\/1"}],"replies":[{"embeddable":true,"href":"https:\/\/etervalencia.com\/en\/wp-json\/wp\/v2\/comments?post=2392"}],"version-history":[{"count":169,"href":"https:\/\/etervalencia.com\/en\/wp-json\/wp\/v2\/pages\/2392\/revisions"}],"predecessor-version":[{"id":5954,"href":"https:\/\/etervalencia.com\/en\/wp-json\/wp\/v2\/pages\/2392\/revisions\/5954"}],"wp:attachment":[{"href":"https:\/\/etervalencia.com\/en\/wp-json\/wp\/v2\/media?parent=2392"}],"curies":[{"name":"wp","href":"https:\/\/api.w.org\/{rel}","templated":true}]}}