{"id":2771,"date":"2022-07-06T09:20:05","date_gmt":"2022-07-06T09:20:05","guid":{"rendered":"https:\/\/etervalencia.com\/?page_id=2771"},"modified":"2024-06-28T08:34:17","modified_gmt":"2024-06-28T08:34:17","slug":"legal-notice","status":"publish","type":"page","link":"https:\/\/etervalencia.com\/en\/aviso-legal\/","title":{"rendered":"Legal Notice"},"content":{"rendered":"\n<p><strong>1. Identificaci\u00f3n del Titular<\/strong><\/p>\n\n\n\n<p>El nombre del dominio etervalencia.com, est\u00e1 registrado a favor del\u00a0<strong>BEL KIM VLC S.L<\/strong>. Tel\u00e9fono de contacto +34681647500.<\/p>\n\n\n\n<p><strong>2. Objeto<\/strong><\/p>\n\n\n\n<p>El presente Aviso Legal regula el acceso, navegaci\u00f3n y uso del sitio web del Restaurante \u00abEter\u00bb ([URL del sitio web]), as\u00ed como las responsabilidades derivadas del uso de sus contenidos tales como los textos, gr\u00e1ficos, dibujos, dise\u00f1os, c\u00f3digos, software, fotograf\u00edas, m\u00fasica, v\u00eddeos, sonidos, bases de datos, im\u00e1genes, expresiones e informaciones y cualquier otra creaci\u00f3n protegida por las leyes nacionales y los tratados internacionales sobre propiedad intelectual e industrial.<\/p>\n\n\n\n<p><strong>3. Propiedad Intelectual e Industrial<\/strong><\/p>\n\n\n\n<p>Todos los contenidos del sitio web, incluyendo sin limitaci\u00f3n, los elementos gr\u00e1ficos, logos, iconos, botones, software, nombres comerciales, marcas, obras industriales, links, textos, estructuras, gr\u00e1ficos, im\u00e1genes, sonidos, bases de datos, \u00edndices, c\u00f3digos fuente y dem\u00e1s elementos, est\u00e1n protegidos por la legislaci\u00f3n espa\u00f1ola e internacional sobre propiedad intelectual e industrial. La titularidad de los derechos de propiedad intelectual e industrial corresponde exclusivamente al Restaurante \u00abEter\u00bb, y en ning\u00fan caso se entender\u00e1 que el acceso y navegaci\u00f3n del Usuario implica una renuncia, transmisi\u00f3n, licencia o cesi\u00f3n total ni parcial de dichos derechos por parte del Restaurante \u00abEter\u00bb.<\/p>\n\n\n\n<p><strong>4. Condiciones de Uso<\/strong><\/p>\n\n\n\n<p>El acceso a este sitio web implica la aceptaci\u00f3n sin reservas de las presentes condiciones de uso. El usuario se compromete a utilizar la informaci\u00f3n, actividades, productos o servicios que el Restaurante \u00abEter\u00bb pone a su disposici\u00f3n en este sitio web conforme a las leyes aplicables y a los principios de la buena fe y las costumbres generalmente aceptadas.<\/p>\n\n\n\n<p><strong>5. Responsabilidad del Usuario<\/strong><\/p>\n\n\n\n<p>El usuario se compromete a hacer un uso adecuado de los contenidos y servicios ofrecidos en nuestro sitio web y no emplearlos para:<\/p>\n\n\n\n<ul class=\"wp-block-list\">\n<li>Realizar actividades il\u00edcitas, ilegales o contrarias a la buena fe y al orden p\u00fablico.<\/li>\n\n\n\n<li>Difundir contenidos o propaganda de car\u00e1cter racista, xen\u00f3fobo, pornogr\u00e1fico-ilegal, de apolog\u00eda del terrorismo o atentatorio contra los derechos humanos.<\/li>\n<\/ul>\n\n\n\n<p><strong>6. Exclusi\u00f3n de Garant\u00edas y Responsabilidad<\/strong><\/p>\n\n\n\n<p>Restaurante \u00abEter\u00bb no garantiza la continuidad, disponibilidad ni la infalibilidad del funcionamiento del sitio web, y en consecuencia, excluye, en la medida m\u00e1xima permitida por la legislaci\u00f3n vigente, cualquier responsabilidad por los da\u00f1os y perjuicios de toda naturaleza que puedan deberse a la falta de disponibilidad o de continuidad del funcionamiento del sitio web y de los servicios habilitados en el mismo, as\u00ed como a los errores en el acceso a diferentes p\u00e1ginas web o aquellas desde las cuales, en su caso, se presten dichos servicios.<\/p>\n\n\n\n<p><strong>7. Modificaciones y Actualizaciones<\/strong><\/p>\n\n\n\n<p>El Restaurante \u00abEter\u00bb se reserva el derecho a realizar sin previo aviso las modificaciones que considere oportunas en su sitio web, pudiendo cambiar, suprimir o a\u00f1adir tanto los contenidos y servicios que se presten a trav\u00e9s de la misma como la forma en la que estos aparezcan presentados o localizados en su portal.<\/p>\n\n\n\n<p><strong>8. Ley Aplicable y Jurisdicci\u00f3n<\/strong><\/p>\n\n\n\n<p>Este Aviso Legal se rige por la legislaci\u00f3n espa\u00f1ola. Para la resoluci\u00f3n de todas las controversias o cuestiones relacionadas con este sitio web o de las actividades en \u00e9l desarrolladas, el Restaurante \u00abEter\u00bb y el Usuario acuerdan someterse a los Juzgados y Tribunales del domicilio del Usuario, siempre que el mismo est\u00e9 situado en territorio espa\u00f1ol y act\u00fae como consumidor.<\/p>\n\n\n\n<p>Este Aviso Legal entra en vigor desde su publicaci\u00f3n en el sitio web del Restaurante \u00abEter\u00bb.<\/p>\n","protected":false},"excerpt":{"rendered":"<p>1. Identificaci\u00f3n del Titular El nombre del dominio etervalencia.com, est\u00e1 registrado a favor del\u00a0BEL KIM VLC S.L. Tel\u00e9fono de contacto +34681647500. 2. Objeto El presente Aviso Legal regula el acceso, navegaci\u00f3n y uso del sitio web del Restaurante \u00abEter\u00bb ([URL del sitio web]), as\u00ed como las responsabilidades derivadas del uso de sus contenidos tales como [&hellip;]<\/p>\n","protected":false},"author":1,"featured_media":0,"parent":0,"menu_order":0,"comment_status":"closed","ping_status":"closed","template":"elementor_canvas","meta":{"_eb_attr":"","footnotes":""},"class_list":["post-2771","page","type-page","status-publish","hentry"],"_links":{"self":[{"href":"https:\/\/etervalencia.com\/en\/wp-json\/wp\/v2\/pages\/2771","targetHints":{"allow":["GET"]}}],"collection":[{"href":"https:\/\/etervalencia.com\/en\/wp-json\/wp\/v2\/pages"}],"about":[{"href":"https:\/\/etervalencia.com\/en\/wp-json\/wp\/v2\/types\/page"}],"author":[{"embeddable":true,"href":"https:\/\/etervalencia.com\/en\/wp-json\/wp\/v2\/users\/1"}],"replies":[{"embeddable":true,"href":"https:\/\/etervalencia.com\/en\/wp-json\/wp\/v2\/comments?post=2771"}],"version-history":[{"count":7,"href":"https:\/\/etervalencia.com\/en\/wp-json\/wp\/v2\/pages\/2771\/revisions"}],"predecessor-version":[{"id":5143,"href":"https:\/\/etervalencia.com\/en\/wp-json\/wp\/v2\/pages\/2771\/revisions\/5143"}],"wp:attachment":[{"href":"https:\/\/etervalencia.com\/en\/wp-json\/wp\/v2\/media?parent=2771"}],"curies":[{"name":"wp","href":"https:\/\/api.w.org\/{rel}","templated":true}]}}