{"id":2800,"date":"2022-07-27T05:47:22","date_gmt":"2022-07-27T05:47:22","guid":{"rendered":"https:\/\/etervalencia.com\/?page_id=2800"},"modified":"2024-08-27T09:07:04","modified_gmt":"2024-08-27T09:07:04","slug":"group-menus","status":"publish","type":"page","link":"https:\/\/etervalencia.com\/en\/menus-grupos\/","title":{"rendered":"Menus groups"},"content":{"rendered":"<div data-elementor-type=\"wp-page\" data-elementor-id=\"2800\" class=\"elementor elementor-2800\" data-elementor-post-type=\"page\">\n\t\t\t\t<div class=\"elementor-element elementor-element-ddf4eb6 e-flex e-con-boxed e-con e-parent\" data-id=\"ddf4eb6\" data-element_type=\"container\" data-e-type=\"container\" data-settings=\"{&quot;background_background&quot;:&quot;classic&quot;}\">\n\t\t\t\t\t<div class=\"e-con-inner\">\n\t\t\t\t<div class=\"elementor-element elementor-element-18c5422 elementor-widget elementor-widget-n-accordion\" data-id=\"18c5422\" data-element_type=\"widget\" data-e-type=\"widget\" data-settings=\"{&quot;default_state&quot;:&quot;all_collapsed&quot;,&quot;max_items_expended&quot;:&quot;one&quot;,&quot;n_accordion_animation_duration&quot;:{&quot;unit&quot;:&quot;ms&quot;,&quot;size&quot;:400,&quot;sizes&quot;:[]}}\" data-widget_type=\"nested-accordion.default\">\n\t\t\t\t<div class=\"elementor-widget-container\">\n\t\t\t\t\t\t\t<div class=\"e-n-accordion\" aria-label=\"Accordion. Open links with Enter or Space, close with Escape, and navigate with Arrow Keys\">\n\t\t\t\t\t\t<details id=\"e-n-accordion-item-2590\" class=\"e-n-accordion-item\" >\n\t\t\t\t<summary class=\"e-n-accordion-item-title\" data-accordion-index=\"1\" tabindex=\"0\" aria-expanded=\"false\" aria-controls=\"e-n-accordion-item-2590\" >\n\t\t\t\t\t<span class='e-n-accordion-item-title-header'><div class=\"e-n-accordion-item-title-text\"> Menus for Groups in Valencia - Ether Restaurant - Ether Restaurant - more info... <\/div><\/span>\n\t\t\t\t\t\t\t<span class='e-n-accordion-item-title-icon'>\n\t\t\t<span class='e-opened' ><svg aria-hidden=\"true\" class=\"e-font-icon-svg e-fas-minus\" viewbox=\"0 0 448 512\" xmlns=\"http:\/\/www.w3.org\/2000\/svg\"><path d=\"M416 208H32c-17.67 0-32 14.33-32 32v32c0 17.67 14.33 32 32 32h384c17.67 0 32-14.33 32-32v-32c0-17.67-14.33-32-32-32z\"><\/path><\/svg><\/span>\n\t\t\t<span class='e-closed'><svg aria-hidden=\"true\" class=\"e-font-icon-svg e-fas-plus\" viewbox=\"0 0 448 512\" xmlns=\"http:\/\/www.w3.org\/2000\/svg\"><path d=\"M416 208H272V64c0-17.67-14.33-32-32-32h-32c-17.67 0-32 14.33-32 32v144H32c-17.67 0-32 14.33-32 32v32c0 17.67 14.33 32 32 32h144v144c0 17.67 14.33 32 32 32h32c17.67 0 32-14.33 32-32V304h144c17.67 0 32-14.33 32-32v-32c0-17.67-14.33-32-32-32z\"><\/path><\/svg><\/span>\n\t\t<\/span>\n\n\t\t\t\t\t\t<\/summary>\n\t\t\t\t<div role=\"region\" aria-labelledby=\"e-n-accordion-item-2590\" class=\"elementor-element elementor-element-350789f e-con-full e-flex e-con e-child\" data-id=\"350789f\" data-element_type=\"container\" data-e-type=\"container\">\n\t\t\t\t<div class=\"elementor-element elementor-element-8fef234 elementor-widget elementor-widget-text-editor\" data-id=\"8fef234\" data-element_type=\"widget\" data-e-type=\"widget\" data-widget_type=\"text-editor.default\">\n\t\t\t\t<div class=\"elementor-widget-container\">\n\t\t\t\t\t\t\t\t\t<h2>Menus for Groups in Valencia<\/h2>\n<p>At \u00c9ter Restaurant, we offer a variety of <strong>menus for groups in Valencia<\/strong>designed to satisfy every palate and create an unforgettable dining experience. Each <strong>GROUP MENU<\/strong> is carefully prepared to ensure that everyone in your group enjoys a delicious and well-balanced meal.<\/p>\n\n<h2>\u00c9ter Silver<\/h2>\n<p>The <strong>\u00c9ter Silver<\/strong> includes a selection of first courses such as Ether salad, Korean bravas, fried fish and scrambled eggs with chorizo. For the main course, we serve a mini pulled pork brioche. For dessert, you can choose between cheesecake or ice cream, or coffee. This menu includes one drink per person (water, soft drinks, beer or glass of wine) and bread.<\/p>\n\n<h2>\u00c9ter Blue<\/h2>\n<p>The <strong>\u00c9ter Blue<\/strong> offers first courses such as Ether salad, Korean Fried Chicken (KFC) and mandu with beef and kimchi. Second courses are chicken with homemade bulgogi sauce and rice, or kimchi rice with bacon. At the end, you can choose cheesecake, ice cream or coffee. This menu also includes one drink per person and bread.<\/p>\n\n<h2>\u00c9ter Gold<\/h2>\n<p>For those who are looking for a more sophisticated experience, the <strong>\u00c9ter Gold<\/strong> includes cheeks croquette with pink sauce, mandu with meat and kimchi, and fried lace with lemon, mayonnaise and gochugaru as first courses. Second courses to choose from are Valencian bibimbap or Korean-style pork ribs with vegetables and rice. Dessert or coffee is included, as well as a drink per person and bread.<\/p>\n\n<h2>\u00c9ter Maximum<\/h2>\n<p>The <strong>\u00c9ter Maximum<\/strong> is our most comprehensive offer for a <strong>group dinner in Valencia<\/strong>. First courses include oyster with kimchi juice, Korean Fried Chicken and mini oxtail brioche. The second courses to choose from are grilled Iberian fan or grilled octopus with kimchi trinxat. It also includes two drinks per person and bread, with a choice of cheesecake, ice cream or coffee for dessert.<\/p>\n\n<h2>Restaurants for Groups in Valencia<\/h2>\n<p>\u00c9ter Restaurant is the ideal place for those who are looking for <strong>restaurants for groups in Valencia<\/strong>. With our wide range of <strong>menus for groups<\/strong>We guarantee an exceptional culinary experience, perfect for any celebration or gathering. Come and find out why we are the preferred choice for a <strong>group dinner in Valencia<\/strong>We look forward to giving you an unforgettable experience!<\/p>\n\t\t\t\t\t\t\t\t<\/div>\n\t\t\t\t<\/div>\n\t\t\t\t<\/div>\n\t\t\t\t\t<\/details>\n\t\t\t\t\t<\/div>\n\t\t\t\t\t\t<\/div>\n\t\t\t\t<\/div>\n\t\t\t\t\t<\/div>\n\t\t\t\t<\/div>\n\t\t\t\t<section class=\"elementor-section elementor-top-section elementor-element elementor-element-dfc51ca elementor-section-boxed elementor-section-height-default elementor-section-height-default\" data-id=\"dfc51ca\" data-element_type=\"section\" data-e-type=\"section\">\n\t\t\t\t\t\t<div class=\"elementor-container elementor-column-gap-default\">\n\t\t\t\t\t<div class=\"elementor-column elementor-col-100 elementor-top-column elementor-element elementor-element-52cd8ae\" data-id=\"52cd8ae\" data-element_type=\"column\" data-e-type=\"column\">\n\t\t\t<div class=\"elementor-widget-wrap elementor-element-populated\">\n\t\t\t\t\t\t<div class=\"elementor-element elementor-element-b21b073 elementor-widget elementor-widget-heading\" data-id=\"b21b073\" data-element_type=\"widget\" data-e-type=\"widget\" data-widget_type=\"heading.default\">\n\t\t\t\t<div class=\"elementor-widget-container\">\n\t\t\t\t\t<h2 class=\"elementor-heading-title elementor-size-default\">Menu<\/h2>\t\t\t\t<\/div>\n\t\t\t\t<\/div>\n\t\t\t\t<div class=\"elementor-element elementor-element-2fb08f1 elementor-widget elementor-widget-heading\" data-id=\"2fb08f1\" data-element_type=\"widget\" data-e-type=\"widget\" data-widget_type=\"heading.default\">\n\t\t\t\t<div class=\"elementor-widget-container\">\n\t\t\t\t\t<h2 class=\"elementor-heading-title elementor-size-default\">Groups<\/h2>\t\t\t\t<\/div>\n\t\t\t\t<\/div>\n\t\t\t\t<div class=\"elementor-element elementor-element-42fd949 elementor-widget elementor-widget-text-editor\" data-id=\"42fd949\" data-element_type=\"widget\" data-e-type=\"widget\" data-widget_type=\"text-editor.default\">\n\t\t\t\t<div class=\"elementor-widget-container\">\n\t\t\t\t\t\t\t\t\t<p>*From 10 persons<\/p><p>Served to a full table<\/p>\t\t\t\t\t\t\t\t<\/div>\n\t\t\t\t<\/div>\n\t\t\t\t<div class=\"elementor-element elementor-element-80b017c elementor-widget elementor-widget-spacer\" data-id=\"80b017c\" data-element_type=\"widget\" data-e-type=\"widget\" data-widget_type=\"spacer.default\">\n\t\t\t\t<div class=\"elementor-widget-container\">\n\t\t\t\t\t\t\t<div class=\"elementor-spacer\">\n\t\t\t<div class=\"elementor-spacer-inner\"><\/div>\n\t\t<\/div>\n\t\t\t\t\t\t<\/div>\n\t\t\t\t<\/div>\n\t\t\t\t<div class=\"elementor-element elementor-element-7f36641 elementor-widget-divider--view-line elementor-widget elementor-widget-divider\" data-id=\"7f36641\" data-element_type=\"widget\" data-e-type=\"widget\" data-widget_type=\"divider.default\">\n\t\t\t\t<div class=\"elementor-widget-container\">\n\t\t\t\t\t\t\t<div class=\"elementor-divider\">\n\t\t\t<span class=\"elementor-divider-separator\">\n\t\t\t\t\t\t<\/span>\n\t\t<\/div>\n\t\t\t\t\t\t<\/div>\n\t\t\t\t<\/div>\n\t\t\t\t<div class=\"elementor-element elementor-element-a938300 elementor-widget elementor-widget-heading\" data-id=\"a938300\" data-element_type=\"widget\" data-e-type=\"widget\" data-widget_type=\"heading.default\">\n\t\t\t\t<div class=\"elementor-widget-container\">\n\t\t\t\t\t<h2 class=\"elementor-heading-title elementor-size-default\">\u00c9ter Silver<\/h2>\t\t\t\t<\/div>\n\t\t\t\t<\/div>\n\t\t\t\t<div class=\"elementor-element elementor-element-357125f elementor-widget elementor-widget-text-editor\" data-id=\"357125f\" data-element_type=\"widget\" data-e-type=\"widget\" data-widget_type=\"text-editor.default\">\n\t\t\t\t<div class=\"elementor-widget-container\">\n\t\t\t\t\t\t\t\t\t<p><span style=\"color: #ebc881;\"><strong>Starters<\/strong><\/span><\/p><p class=\"p2\">- Ether Salad<br \/>- Korean Bravas<br \/>- Pescaito frito<br \/>- Scrambled eggs with chorizo<\/p><p><span style=\"color: #ebc881;\"><strong>Segundos:<\/strong><\/span><\/p><p class=\"p1\">- Mini brioche from pulled pork<br \/><br \/><\/p><p><span style=\"color: #ebc881;\"><strong>Dessert<\/strong><\/span> (cheesecake or ice cream) or <span style=\"color: #ebc881;\"><strong>Coffe<\/strong><\/span><\/p><p><span style=\"color: #ebc881;\"><b>Drinks<br \/><\/b><\/span>1 por persona (agua, refrescos, cerveza o copa de vino)<\/p><p class=\"p2\"><em><span class=\"s1\"><span class=\"Apple-converted-space\">Includes b<\/span><\/span>read<\/em><\/p><h4 style=\"text-align: right;\"><strong>28\u20ac<\/strong><\/h4><p style=\"text-align: right;\"><span style=\"color: #ebc881;\"><em>Per person <\/em><\/span><\/p>\t\t\t\t\t\t\t\t<\/div>\n\t\t\t\t<\/div>\n\t\t\t\t<div class=\"elementor-element elementor-element-7377f62 elementor-widget-divider--view-line elementor-widget elementor-widget-divider\" data-id=\"7377f62\" data-element_type=\"widget\" data-e-type=\"widget\" data-widget_type=\"divider.default\">\n\t\t\t\t<div class=\"elementor-widget-container\">\n\t\t\t\t\t\t\t<div class=\"elementor-divider\">\n\t\t\t<span class=\"elementor-divider-separator\">\n\t\t\t\t\t\t<\/span>\n\t\t<\/div>\n\t\t\t\t\t\t<\/div>\n\t\t\t\t<\/div>\n\t\t\t\t<div class=\"elementor-element elementor-element-0e7318c elementor-widget elementor-widget-heading\" data-id=\"0e7318c\" data-element_type=\"widget\" data-e-type=\"widget\" data-widget_type=\"heading.default\">\n\t\t\t\t<div class=\"elementor-widget-container\">\n\t\t\t\t\t<h2 class=\"elementor-heading-title elementor-size-default\">\u00c9ter Blue<\/h2>\t\t\t\t<\/div>\n\t\t\t\t<\/div>\n\t\t\t\t<div class=\"elementor-element elementor-element-11e5e24 elementor-widget elementor-widget-text-editor\" data-id=\"11e5e24\" data-element_type=\"widget\" data-e-type=\"widget\" data-widget_type=\"text-editor.default\">\n\t\t\t\t<div class=\"elementor-widget-container\">\n\t\t\t\t\t\t\t\t\t<p><span style=\"color: #ebc881;\"><strong>Starters<\/strong><\/span><\/p><p class=\"p2\">- Ether Salad<br \/>- KFC (Korean Fried Chicken)<br \/>- Mandu with meat and kimchi<br \/><br \/><\/p><p><span style=\"color: #ebc881;\"><strong>Main courses to choose<\/strong><\/span><\/p><p class=\"p1\">- Chicken with homemade bulgogi sauce and rice<br \/>- Kimchi rice with bacon<\/p><p>\u00a0<\/p><p><span style=\"color: #ebc881;\"><strong>Dessert<\/strong><\/span> (cheesecake or ice cream) or <span style=\"color: #ebc881;\"><strong>Coffe<\/strong><\/span><\/p><p>\u00a0<\/p><p><span style=\"color: #ebc881;\"><b>Drinks<br \/><\/b><\/span>1 per person (water, soft drinks, draft beer or glasses of house wine)<br \/><br \/><\/p><p class=\"p2\"><em><span class=\"s1\"><span class=\"Apple-converted-space\">Includes b<\/span><\/span>read<\/em><\/p><h4 style=\"text-align: right;\"><strong>35\u20ac<\/strong><\/h4><p style=\"text-align: right;\"><span style=\"color: #ebc881;\"><em>Per person <\/em><\/span><\/p>\t\t\t\t\t\t\t\t<\/div>\n\t\t\t\t<\/div>\n\t\t\t\t<div class=\"elementor-element elementor-element-a3fbe3e elementor-widget-divider--view-line elementor-widget elementor-widget-divider\" data-id=\"a3fbe3e\" data-element_type=\"widget\" data-e-type=\"widget\" data-widget_type=\"divider.default\">\n\t\t\t\t<div class=\"elementor-widget-container\">\n\t\t\t\t\t\t\t<div class=\"elementor-divider\">\n\t\t\t<span class=\"elementor-divider-separator\">\n\t\t\t\t\t\t<\/span>\n\t\t<\/div>\n\t\t\t\t\t\t<\/div>\n\t\t\t\t<\/div>\n\t\t\t\t<div class=\"elementor-element elementor-element-082d5e2 elementor-widget elementor-widget-spacer\" data-id=\"082d5e2\" data-element_type=\"widget\" data-e-type=\"widget\" data-widget_type=\"spacer.default\">\n\t\t\t\t<div class=\"elementor-widget-container\">\n\t\t\t\t\t\t\t<div class=\"elementor-spacer\">\n\t\t\t<div class=\"elementor-spacer-inner\"><\/div>\n\t\t<\/div>\n\t\t\t\t\t\t<\/div>\n\t\t\t\t<\/div>\n\t\t\t\t<div class=\"elementor-element elementor-element-feeb13d elementor-widget elementor-widget-heading\" data-id=\"feeb13d\" data-element_type=\"widget\" data-e-type=\"widget\" data-widget_type=\"heading.default\">\n\t\t\t\t<div class=\"elementor-widget-container\">\n\t\t\t\t\t<h2 class=\"elementor-heading-title elementor-size-default\">\u00c9ter Gold<\/h2>\t\t\t\t<\/div>\n\t\t\t\t<\/div>\n\t\t\t\t<div class=\"elementor-element elementor-element-409289b elementor-widget elementor-widget-spacer\" data-id=\"409289b\" data-element_type=\"widget\" data-e-type=\"widget\" data-widget_type=\"spacer.default\">\n\t\t\t\t<div class=\"elementor-widget-container\">\n\t\t\t\t\t\t\t<div class=\"elementor-spacer\">\n\t\t\t<div class=\"elementor-spacer-inner\"><\/div>\n\t\t<\/div>\n\t\t\t\t\t\t<\/div>\n\t\t\t\t<\/div>\n\t\t\t\t<div class=\"elementor-element elementor-element-4e24944 elementor-widget elementor-widget-text-editor\" data-id=\"4e24944\" data-element_type=\"widget\" data-e-type=\"widget\" data-widget_type=\"text-editor.default\">\n\t\t\t\t<div class=\"elementor-widget-container\">\n\t\t\t\t\t\t\t\t\t<p><span style=\"color: #ebc881;\"><strong>Starters<\/strong><\/span><\/p><p>- Cheek croquette with pink sauce<br \/>- Mandu with meat and kimchi<br \/>- Fried tip, lemon, mayonnaise and gochugaru<\/p><p><span style=\"color: #ebc881;\"><strong>Main courses to choose<\/strong><\/span><\/p><p class=\"p1\"><span class=\"Apple-converted-space\">\u00a0<\/span>- Valencian Bibimbap<br \/>- Korean-style pork ribs with vegetables and rice <span class=\"cqiun4t2 khvhiq1o r5qsrrlp i5tg98hk iqx13udk przvwfww qiohso4h gfz4du6o r7fjleex nz2484kf svot0ezm dcnh1tix sxl192xd t3g6t33p\"><span class=\"\">\ud83c\udf36\ufe0f<\/span><\/span><\/p><p>\u00a0<\/p><p><span style=\"color: #ebc881;\"><strong>Dessert<\/strong><\/span> (cheesecake or ice cream) or <span style=\"color: #ebc881;\"><strong>Coffe<\/strong><\/span><\/p><p>\u00a0<\/p><p><span style=\"color: #ebc881;\"><b>Drinks<br \/><\/b><\/span>1 per person (water, soft drinks, draft beer or glasses of house wine)<\/p><p class=\"p2\"><em><span class=\"s1\"><span class=\"Apple-converted-space\">Includes b<\/span><\/span>read<\/em><\/p><h4 style=\"text-align: right;\"><strong>38,50\u20ac<\/strong><\/h4><p style=\"text-align: right;\"><span style=\"color: #ebc881;\"><em>Per person <\/em><\/span><\/p>\t\t\t\t\t\t\t\t<\/div>\n\t\t\t\t<\/div>\n\t\t\t\t<div class=\"elementor-element elementor-element-df60596 elementor-widget-divider--view-line elementor-widget elementor-widget-divider\" data-id=\"df60596\" data-element_type=\"widget\" data-e-type=\"widget\" data-widget_type=\"divider.default\">\n\t\t\t\t<div class=\"elementor-widget-container\">\n\t\t\t\t\t\t\t<div class=\"elementor-divider\">\n\t\t\t<span class=\"elementor-divider-separator\">\n\t\t\t\t\t\t<\/span>\n\t\t<\/div>\n\t\t\t\t\t\t<\/div>\n\t\t\t\t<\/div>\n\t\t\t\t<div class=\"elementor-element elementor-element-44d2369 elementor-widget elementor-widget-spacer\" data-id=\"44d2369\" data-element_type=\"widget\" data-e-type=\"widget\" data-widget_type=\"spacer.default\">\n\t\t\t\t<div class=\"elementor-widget-container\">\n\t\t\t\t\t\t\t<div class=\"elementor-spacer\">\n\t\t\t<div class=\"elementor-spacer-inner\"><\/div>\n\t\t<\/div>\n\t\t\t\t\t\t<\/div>\n\t\t\t\t<\/div>\n\t\t\t\t<div class=\"elementor-element elementor-element-29b6879 elementor-widget elementor-widget-heading\" data-id=\"29b6879\" data-element_type=\"widget\" data-e-type=\"widget\" data-widget_type=\"heading.default\">\n\t\t\t\t<div class=\"elementor-widget-container\">\n\t\t\t\t\t<h2 class=\"elementor-heading-title elementor-size-default\">\u00c9ter Maximum<\/h2>\t\t\t\t<\/div>\n\t\t\t\t<\/div>\n\t\t\t\t<div class=\"elementor-element elementor-element-00ec63b elementor-widget elementor-widget-spacer\" data-id=\"00ec63b\" data-element_type=\"widget\" data-e-type=\"widget\" data-widget_type=\"spacer.default\">\n\t\t\t\t<div class=\"elementor-widget-container\">\n\t\t\t\t\t\t\t<div class=\"elementor-spacer\">\n\t\t\t<div class=\"elementor-spacer-inner\"><\/div>\n\t\t<\/div>\n\t\t\t\t\t\t<\/div>\n\t\t\t\t<\/div>\n\t\t\t\t<div class=\"elementor-element elementor-element-c1c1433 elementor-widget elementor-widget-text-editor\" data-id=\"c1c1433\" data-element_type=\"widget\" data-e-type=\"widget\" data-widget_type=\"text-editor.default\">\n\t\t\t\t<div class=\"elementor-widget-container\">\n\t\t\t\t\t\t\t\t\t<p><span style=\"color: #ebc881;\"><strong>Starters<\/strong><\/span><\/p><p class=\"p2\"><span class=\"s1\"><span class=\"Apple-converted-space\">- <\/span><\/span>Oyster with kimchi juice <span class=\"cqiun4t2 khvhiq1o r5qsrrlp i5tg98hk iqx13udk przvwfww qiohso4h gfz4du6o r7fjleex nz2484kf svot0ezm dcnh1tix sxl192xd t3g6t33p\"><span class=\"\">\ud83c\udf36\ufe0f<\/span><\/span><br \/>- Korean Fried Chicken <span class=\"cqiun4t2 khvhiq1o r5qsrrlp i5tg98hk iqx13udk przvwfww qiohso4h gfz4du6o r7fjleex nz2484kf svot0ezm dcnh1tix sxl192xd t3g6t33p\"><span class=\"\">\ud83c\udf36\ufe0f<\/span><\/span><span class=\"cqiun4t2 khvhiq1o r5qsrrlp i5tg98hk iqx13udk przvwfww qiohso4h gfz4du6o r7fjleex nz2484kf svot0ezm dcnh1tix sxl192xd t3g6t33p\"><span class=\"\">\ud83c\udf36\ufe0f<\/span><\/span><br \/>- Mini brioche with oxtail<\/p><p><span style=\"color: #ebc881;\"><strong>Main courses to choose<\/strong><\/span><\/p><p class=\"p1\">- Grilled Iberian fan<br \/>- Grilled octopus with kimchi trinxat <span class=\"cqiun4t2 khvhiq1o r5qsrrlp i5tg98hk iqx13udk przvwfww qiohso4h gfz4du6o r7fjleex nz2484kf svot0ezm dcnh1tix sxl192xd t3g6t33p\"><span class=\"\">\ud83c\udf36\ufe0f<\/span><\/span><\/p><p><span style=\"color: #ebc881;\"><strong>Dessert<\/strong><\/span> (cheesecake or ice cream) or <span style=\"color: #ebc881;\"><strong>Coffe<\/strong><\/span><\/p><p><span style=\"color: #ebc881;\"><b>Drinks<br \/><\/b><\/span>2 per person (water, soft drinks, draft beer or glasses of house wine)<\/p><p class=\"p2\"><em><span class=\"s1\"><span class=\"Apple-converted-space\">Includes b<\/span><\/span>read<\/em><\/p><h4 style=\"text-align: right;\"><strong>42\u20ac<\/strong><\/h4><p style=\"text-align: right;\"><span style=\"color: #ebc881;\"><em>Per person <\/em><\/span><\/p>\t\t\t\t\t\t\t\t<\/div>\n\t\t\t\t<\/div>\n\t\t\t\t<div class=\"elementor-element elementor-element-7078950 elementor-align-center animated-slow elementor-invisible elementor-widget elementor-widget-button\" data-id=\"7078950\" data-element_type=\"widget\" data-e-type=\"widget\" data-settings=\"{&quot;_animation&quot;:&quot;fadeInUp&quot;}\" data-widget_type=\"button.default\">\n\t\t\t\t<div class=\"elementor-widget-container\">\n\t\t\t\t\t\t\t\t\t<div class=\"elementor-button-wrapper\">\n\t\t\t\t\t<a class=\"elementor-button elementor-button-link elementor-size-sm elementor-animation-grow\" href=\"https:\/\/etervalencia.com\/en\/our-proposals\/\">\n\t\t\t\t\t\t<span class=\"elementor-button-content-wrapper\">\n\t\t\t\t\t\t\t\t\t<span class=\"elementor-button-text\">Back<\/span>\n\t\t\t\t\t<\/span>\n\t\t\t\t\t<\/a>\n\t\t\t\t<\/div>\n\t\t\t\t\t\t\t\t<\/div>\n\t\t\t\t<\/div>\n\t\t\t\t\t<\/div>\n\t\t<\/div>\n\t\t\t\t\t<\/div>\n\t\t<\/section>\n\t\t\t\t<\/div>","protected":false},"excerpt":{"rendered":"<p>Men\u00fas para Grupos en Valencia &#8211; \u00c9ter Restaurante &#8211; \u00c9ter Restaurante &#8211; mas info&#8230; Men\u00fas para Grupos en Valencia En \u00c9ter Restaurante, ofrecemos una variedad de men\u00fas para grupos en Valencia, dise\u00f1ados para satisfacer todos los paladares y crear una experiencia gastron\u00f3mica inolvidable. Cada men\u00fa de grupos est\u00e1 cuidadosamente preparado para asegurar que todos los [&hellip;]<\/p>\n","protected":false},"author":1,"featured_media":0,"parent":0,"menu_order":0,"comment_status":"closed","ping_status":"closed","template":"elementor_header_footer","meta":{"_eb_attr":"","footnotes":""},"class_list":["post-2800","page","type-page","status-publish","hentry"],"_links":{"self":[{"href":"https:\/\/etervalencia.com\/en\/wp-json\/wp\/v2\/pages\/2800","targetHints":{"allow":["GET"]}}],"collection":[{"href":"https:\/\/etervalencia.com\/en\/wp-json\/wp\/v2\/pages"}],"about":[{"href":"https:\/\/etervalencia.com\/en\/wp-json\/wp\/v2\/types\/page"}],"author":[{"embeddable":true,"href":"https:\/\/etervalencia.com\/en\/wp-json\/wp\/v2\/users\/1"}],"replies":[{"embeddable":true,"href":"https:\/\/etervalencia.com\/en\/wp-json\/wp\/v2\/comments?post=2800"}],"version-history":[{"count":89,"href":"https:\/\/etervalencia.com\/en\/wp-json\/wp\/v2\/pages\/2800\/revisions"}],"predecessor-version":[{"id":5961,"href":"https:\/\/etervalencia.com\/en\/wp-json\/wp\/v2\/pages\/2800\/revisions\/5961"}],"wp:attachment":[{"href":"https:\/\/etervalencia.com\/en\/wp-json\/wp\/v2\/media?parent=2800"}],"curies":[{"name":"wp","href":"https:\/\/api.w.org\/{rel}","templated":true}]}}