{"id":3953,"date":"2024-02-06T18:00:19","date_gmt":"2024-02-06T18:00:19","guid":{"rendered":"https:\/\/etervalencia.com\/?page_id=3953"},"modified":"2025-11-09T19:16:27","modified_gmt":"2025-11-09T19:16:27","slug":"premises","status":"publish","type":"page","link":"https:\/\/etervalencia.com\/en\/locales\/","title":{"rendered":"Premises"},"content":{"rendered":"<div data-elementor-type=\"wp-page\" data-elementor-id=\"3953\" class=\"elementor elementor-3953\" data-elementor-post-type=\"page\">\n\t\t\t\t<div class=\"elementor-element elementor-element-bc441ca e-flex e-con-boxed e-con e-parent\" data-id=\"bc441ca\" data-element_type=\"container\" data-e-type=\"container\" data-settings=\"{&quot;background_background&quot;:&quot;classic&quot;}\">\n\t\t\t\t\t<div class=\"e-con-inner\">\n\t\t<div class=\"elementor-element elementor-element-b3cbdca e-con-full e-flex e-con e-child\" data-id=\"b3cbdca\" data-element_type=\"container\" data-e-type=\"container\" data-settings=\"{&quot;background_background&quot;:&quot;classic&quot;}\">\n\t\t\t\t<div class=\"elementor-element elementor-element-12d4863 elementor-widget elementor-widget-heading\" data-id=\"12d4863\" data-element_type=\"widget\" data-e-type=\"widget\" data-settings=\"{&quot;_animation_mobile&quot;:&quot;fadeInDown&quot;}\" data-widget_type=\"heading.default\">\n\t\t\t\t<div class=\"elementor-widget-container\">\n\t\t\t\t\t<h1 class=\"elementor-heading-title elementor-size-default\">Where will I see you?<\/h1>\t\t\t\t<\/div>\n\t\t\t\t<\/div>\n\t\t\t\t<div class=\"elementor-element elementor-element-ed42ed9 elementor-align-center elementor-mobile-align-center elementor-widget elementor-widget-button\" data-id=\"ed42ed9\" data-element_type=\"widget\" data-e-type=\"widget\" data-widget_type=\"button.default\">\n\t\t\t\t<div class=\"elementor-widget-container\">\n\t\t\t\t\t\t\t\t\t<div class=\"elementor-button-wrapper\">\n\t\t\t\t\t<a class=\"elementor-button elementor-button-link elementor-size-sm elementor-animation-float\" href=\"https:\/\/etervalencia.com\/en\/reservation\/\">\n\t\t\t\t\t\t<span class=\"elementor-button-content-wrapper\">\n\t\t\t\t\t\t\t\t\t<span class=\"elementor-button-text\">Arag\u00f3n<\/span>\n\t\t\t\t\t<\/span>\n\t\t\t\t\t<\/a>\n\t\t\t\t<\/div>\n\t\t\t\t\t\t\t\t<\/div>\n\t\t\t\t<\/div>\n\t\t\t\t<div class=\"elementor-element elementor-element-5d52750 elementor-widget elementor-widget-text-editor\" data-id=\"5d52750\" data-element_type=\"widget\" data-e-type=\"widget\" data-settings=\"{&quot;_animation_mobile&quot;:&quot;fadeInUp&quot;}\" data-widget_type=\"text-editor.default\">\n\t\t\t\t<div class=\"elementor-widget-container\">\n\t\t\t\t\t\t\t\t\t<p>Calle Antonio Su\u00e1rez 31, 46021,\u00a0 Valencia<\/p>\t\t\t\t\t\t\t\t<\/div>\n\t\t\t\t<\/div>\n\t\t\t\t<div class=\"elementor-element elementor-element-9cb9ed5 elementor-widget-divider--view-line elementor-widget elementor-widget-divider\" data-id=\"9cb9ed5\" data-element_type=\"widget\" data-e-type=\"widget\" data-widget_type=\"divider.default\">\n\t\t\t\t<div class=\"elementor-widget-container\">\n\t\t\t\t\t\t\t<div class=\"elementor-divider\">\n\t\t\t<span class=\"elementor-divider-separator\">\n\t\t\t\t\t\t<\/span>\n\t\t<\/div>\n\t\t\t\t\t\t<\/div>\n\t\t\t\t<\/div>\n\t\t\t\t<\/div>\n\t\t\t\t\t<\/div>\n\t\t\t\t<\/div>\n\t\t\t\t<\/div>","protected":false},"excerpt":{"rendered":"<p>\u00bfD\u00f3nde nos vemos? Arag\u00f3n Calle Antonio Su\u00e1rez 31, 46021,\u00a0 Valencia<\/p>","protected":false},"author":1,"featured_media":0,"parent":0,"menu_order":0,"comment_status":"closed","ping_status":"closed","template":"elementor_header_footer","meta":{"_eb_attr":"","footnotes":""},"class_list":["post-3953","page","type-page","status-publish","hentry"],"_links":{"self":[{"href":"https:\/\/etervalencia.com\/en\/wp-json\/wp\/v2\/pages\/3953","targetHints":{"allow":["GET"]}}],"collection":[{"href":"https:\/\/etervalencia.com\/en\/wp-json\/wp\/v2\/pages"}],"about":[{"href":"https:\/\/etervalencia.com\/en\/wp-json\/wp\/v2\/types\/page"}],"author":[{"embeddable":true,"href":"https:\/\/etervalencia.com\/en\/wp-json\/wp\/v2\/users\/1"}],"replies":[{"embeddable":true,"href":"https:\/\/etervalencia.com\/en\/wp-json\/wp\/v2\/comments?post=3953"}],"version-history":[{"count":109,"href":"https:\/\/etervalencia.com\/en\/wp-json\/wp\/v2\/pages\/3953\/revisions"}],"predecessor-version":[{"id":6753,"href":"https:\/\/etervalencia.com\/en\/wp-json\/wp\/v2\/pages\/3953\/revisions\/6753"}],"wp:attachment":[{"href":"https:\/\/etervalencia.com\/en\/wp-json\/wp\/v2\/media?parent=3953"}],"curies":[{"name":"wp","href":"https:\/\/api.w.org\/{rel}","templated":true}]}}