{"id":4680,"date":"2024-05-07T15:20:28","date_gmt":"2024-05-07T15:20:28","guid":{"rendered":"https:\/\/etervalencia.com\/?page_id=4680"},"modified":"2024-06-28T08:33:55","modified_gmt":"2024-06-28T08:33:55","slug":"cookie-policy","status":"publish","type":"page","link":"https:\/\/etervalencia.com\/en\/politica-de-cookies\/","title":{"rendered":"Cookie Policy"},"content":{"rendered":"<p><strong>1. Overview<\/strong><br>We use cookies on our website to improve the user experience, analyze traffic and manage site functionality. The cookie policy explains what cookies are, what cookies we use and how you can manage their use.<\/p>\n\n\n\n<p><strong>2. What are cookies?<\/strong><br>Cookies are small text files that websites may use to enhance the user experience. They usually contain a user identifier and some details about your visit, which the website stores on your computer or mobile device when you visit.<\/p>\n\n\n\n<p><strong>3. What cookies do we use?<\/strong><\/p>\n\n\n\n<ul class=\"wp-block-list\">\n<li><strong>Necessary Cookies<\/strong>These cookies are essential for the operation of basic site functions, such as security, network administration and accessibility. These cookies do not require your consent.<\/li>\n\n\n\n<li><strong>Functional Cookies<\/strong>These cookies allow us to analyze site usage and track the effectiveness of our marketing campaigns. They are also used to provide additional features such as chat and video.<\/li>\n\n\n\n<li><strong>Analytical Cookies<\/strong>These cookies collect information about how visitors use the website, which pages are most popular and other interactions on the site. This helps us to improve how the site works.<\/li>\n<\/ul>\n\n\n\n<p><strong>Cookie management<\/strong><br>Most web browsers allow you to manage your cookies through your browser settings. You can set your browser to refuse all or some cookies, or to alert you when cookies are placed on your device. However, if you choose to block cookies, some features of our site may not function properly.<\/p>\n\n\n\n<p><strong>5. Changes in the cookies policy<\/strong><br>We may update our cookie policy from time to time. Any changes will be reflected on this page with the date of the last update.<\/p>\n\n\n\n<p><strong>6. Contact<\/strong><br>If you have questions about our cookie policy, please contact us by email or phone, as indicated on the site.<\/p>\n\n\n\n<p>Thank you for your understanding and cooperation!<\/p>","protected":false},"excerpt":{"rendered":"<p>1. Visi\u00f3n generalUtilizamos cookies en nuestro sitio web para mejorar la experiencia del usuario, analizar el tr\u00e1fico y gestionar la funcionalidad del sitio. La pol\u00edtica de cookies explica qu\u00e9 son las cookies, qu\u00e9 cookies utilizamos y c\u00f3mo puede gestionar su uso. 2. \u00bfQu\u00e9 son las cookies?Las cookies son peque\u00f1os archivos de texto que los sitios [&hellip;]<\/p>\n","protected":false},"author":1,"featured_media":0,"parent":0,"menu_order":0,"comment_status":"closed","ping_status":"closed","template":"","meta":{"_eb_attr":"","footnotes":""},"class_list":["post-4680","page","type-page","status-publish","hentry"],"_links":{"self":[{"href":"https:\/\/etervalencia.com\/en\/wp-json\/wp\/v2\/pages\/4680","targetHints":{"allow":["GET"]}}],"collection":[{"href":"https:\/\/etervalencia.com\/en\/wp-json\/wp\/v2\/pages"}],"about":[{"href":"https:\/\/etervalencia.com\/en\/wp-json\/wp\/v2\/types\/page"}],"author":[{"embeddable":true,"href":"https:\/\/etervalencia.com\/en\/wp-json\/wp\/v2\/users\/1"}],"replies":[{"embeddable":true,"href":"https:\/\/etervalencia.com\/en\/wp-json\/wp\/v2\/comments?post=4680"}],"version-history":[{"count":2,"href":"https:\/\/etervalencia.com\/en\/wp-json\/wp\/v2\/pages\/4680\/revisions"}],"predecessor-version":[{"id":4682,"href":"https:\/\/etervalencia.com\/en\/wp-json\/wp\/v2\/pages\/4680\/revisions\/4682"}],"wp:attachment":[{"href":"https:\/\/etervalencia.com\/en\/wp-json\/wp\/v2\/media?parent=4680"}],"curies":[{"name":"wp","href":"https:\/\/api.w.org\/{rel}","templated":true}]}}